{"id":2,"date":"2024-05-19T16:14:25","date_gmt":"2024-05-19T13:14:25","guid":{"rendered":"https:\/\/www.baksanmutfak.com\/?page_id=2"},"modified":"2024-05-19T17:06:22","modified_gmt":"2024-05-19T14:06:22","slug":"hakkimizda","status":"publish","type":"page","link":"https:\/\/www.baksanmutfak.com\/index.php\/hakkimizda\/","title":{"rendered":"Hakk\u0131m\u0131zda"},"content":{"rendered":"\n<p>Ho\u015f geldiniz! BAKSAN, end\u00fcstriyel mutfak sekt\u00f6r\u00fcnde teknik destek ve proje bazl\u0131 hizmetler sunan \u00f6nc\u00fc bir markad\u0131r. Pi\u015firme a\u015famas\u0131nda kullan\u0131lan end\u00fcstriyel mutfak ekipmanlar\u0131 \u00fczerine uzmanla\u015fm\u0131\u015f olan firmam\u0131z, m\u00fc\u015fterilerine donan\u0131ml\u0131 \u0131zgara \u00e7e\u015fitleri, ocaklar, kazanlar, f\u0131r\u0131nlar ve k\u0131zartma makineleri gibi \u00e7e\u015fitli ekipmanlar konusunda kapsaml\u0131 teknik destek sa\u011flamaktad\u0131r.<\/p>\n\n\n\n<blockquote class=\"wp-block-quote is-layout-flow wp-block-quote-is-layout-flow\">\n<p>BAKSAN, sekt\u00f6rdeki deneyim ve uzmanl\u0131\u011f\u0131n\u0131, m\u00fc\u015fterilerinin ihtiya\u00e7lar\u0131na y\u00f6nelik \u00f6zel projeler geli\u015ftirmek i\u00e7in kullanmaktad\u0131r. Mutfaklar\u0131n\u0131z\u0131n verimlili\u011fini art\u0131rmak, i\u015f ak\u0131\u015f\u0131n\u0131 optimize etmek ve lezzetinizi en \u00fcst seviyeye \u00e7\u0131karmak i\u00e7in teknik dan\u0131\u015fmanl\u0131k, tasar\u0131m ve uygulama hizmetleri sunuyoruz.<\/p>\n<\/blockquote>\n\n\n\n<p>M\u00fc\u015fteri memnuniyetini her zaman \u00f6n planda tutarak, BAKSAN olarak kaliteli hizmet anlay\u0131\u015f\u0131m\u0131z\u0131 s\u00fcrd\u00fcr\u00fcyor ve mutfaklar\u0131n\u0131z\u0131n ba\u015far\u0131l\u0131 bir \u015fekilde i\u015flemesini sa\u011flamak i\u00e7in sizin yan\u0131n\u0131zda olmaktan mutluluk duyuyoruz. Bizimle <a href=\"https:\/\/www.baksanmutfak.com\/index.php\/iletisim\/\" data-type=\"page\" data-id=\"27\">ileti\u015fime ge\u00e7in <\/a>ve mutfaklar\u0131n\u0131z i\u00e7in \u00f6zel \u00e7\u00f6z\u00fcmlerimizle tan\u0131\u015f\u0131n!<\/p>\n","protected":false},"excerpt":{"rendered":"<p>Ho\u015f geldiniz! BAKSAN, end\u00fcstriyel mutfak sekt\u00f6r\u00fcnde teknik destek ve proje bazl\u0131 hizmetler sunan \u00f6nc\u00fc bir markad\u0131r. Pi\u015firme a\u015famas\u0131nda kullan\u0131lan end\u00fcstriyel mutfak ekipmanlar\u0131 \u00fczerine uzmanla\u015fm\u0131\u015f olan firmam\u0131z, m\u00fc\u015fterilerine donan\u0131ml\u0131 \u0131zgara \u00e7e\u015fitleri, ocaklar, kazanlar, f\u0131r\u0131nlar ve k\u0131zartma makineleri gibi \u00e7e\u015fitli ekipmanlar konusunda kapsaml\u0131 teknik destek sa\u011flamaktad\u0131r. BAKSAN, sekt\u00f6rdeki deneyim ve uzmanl\u0131\u011f\u0131n\u0131, m\u00fc\u015fterilerinin ihtiya\u00e7lar\u0131na y\u00f6nelik \u00f6zel projeler geli\u015ftirmek [&hellip;]<\/p>\n","protected":false},"author":1,"featured_media":0,"parent":0,"menu_order":0,"comment_status":"closed","ping_status":"closed","template":"","meta":{"_acf_changed":false,"footnotes":""},"class_list":["post-2","page","type-page","status-publish","hentry"],"acf":[],"yoast_head":"<!-- This site is optimized with the Yoast SEO plugin v22.7 - https:\/\/yoast.com\/wordpress\/plugins\/seo\/ -->\n<title>Hakk\u0131m\u0131zda - Baksan Mutfak Cihazlar\u0131<\/title>\n<meta name=\"robots\" content=\"index, follow, max-snippet:-1, max-image-preview:large, max-video-preview:-1\" \/>\n<link rel=\"canonical\" href=\"https:\/\/www.baksanmutfak.com\/index.php\/hakkimizda\/\" \/>\n<meta property=\"og:locale\" content=\"tr_TR\" \/>\n<meta property=\"og:type\" content=\"article\" \/>\n<meta property=\"og:title\" content=\"Hakk\u0131m\u0131zda - Baksan Mutfak Cihazlar\u0131\" \/>\n<meta property=\"og:description\" content=\"Ho\u015f geldiniz! BAKSAN, end\u00fcstriyel mutfak sekt\u00f6r\u00fcnde teknik destek ve proje bazl\u0131 hizmetler sunan \u00f6nc\u00fc bir markad\u0131r. Pi\u015firme a\u015famas\u0131nda kullan\u0131lan end\u00fcstriyel mutfak ekipmanlar\u0131 \u00fczerine uzmanla\u015fm\u0131\u015f olan firmam\u0131z, m\u00fc\u015fterilerine donan\u0131ml\u0131 \u0131zgara \u00e7e\u015fitleri, ocaklar, kazanlar, f\u0131r\u0131nlar ve k\u0131zartma makineleri gibi \u00e7e\u015fitli ekipmanlar konusunda kapsaml\u0131 teknik destek sa\u011flamaktad\u0131r. BAKSAN, sekt\u00f6rdeki deneyim ve uzmanl\u0131\u011f\u0131n\u0131, m\u00fc\u015fterilerinin ihtiya\u00e7lar\u0131na y\u00f6nelik \u00f6zel projeler geli\u015ftirmek [&hellip;]\" \/>\n<meta property=\"og:url\" content=\"https:\/\/www.baksanmutfak.com\/index.php\/hakkimizda\/\" \/>\n<meta property=\"og:site_name\" content=\"Baksan Mutfak Cihazlar\u0131\" \/>\n<meta property=\"article:modified_time\" content=\"2024-05-19T14:06:22+00:00\" \/>\n<meta name=\"twitter:card\" content=\"summary_large_image\" \/>\n<meta name=\"twitter:label1\" content=\"Tahmini okuma s\u00fcresi\" \/>\n\t<meta name=\"twitter:data1\" content=\"1 dakika\" \/>\n<script type=\"application\/ld+json\" class=\"yoast-schema-graph\">{\"@context\":\"https:\/\/schema.org\",\"@graph\":[{\"@type\":\"WebPage\",\"@id\":\"https:\/\/www.baksanmutfak.com\/index.php\/hakkimizda\/\",\"url\":\"https:\/\/www.baksanmutfak.com\/index.php\/hakkimizda\/\",\"name\":\"Hakk\u0131m\u0131zda - Baksan Mutfak Cihazlar\u0131\",\"isPartOf\":{\"@id\":\"https:\/\/www.baksanmutfak.com\/#website\"},\"datePublished\":\"2024-05-19T13:14:25+00:00\",\"dateModified\":\"2024-05-19T14:06:22+00:00\",\"breadcrumb\":{\"@id\":\"https:\/\/www.baksanmutfak.com\/index.php\/hakkimizda\/#breadcrumb\"},\"inLanguage\":\"tr\",\"potentialAction\":[{\"@type\":\"ReadAction\",\"target\":[\"https:\/\/www.baksanmutfak.com\/index.php\/hakkimizda\/\"]}]},{\"@type\":\"BreadcrumbList\",\"@id\":\"https:\/\/www.baksanmutfak.com\/index.php\/hakkimizda\/#breadcrumb\",\"itemListElement\":[{\"@type\":\"ListItem\",\"position\":1,\"name\":\"Anasayfa\",\"item\":\"https:\/\/www.baksanmutfak.com\/\"},{\"@type\":\"ListItem\",\"position\":2,\"name\":\"Hakk\u0131m\u0131zda\"}]},{\"@type\":\"WebSite\",\"@id\":\"https:\/\/www.baksanmutfak.com\/#website\",\"url\":\"https:\/\/www.baksanmutfak.com\/\",\"name\":\"Baksan Mutfak Cihazlar\u0131\",\"description\":\"Pi\u015firme a\u015famas\u0131nda kullan\u0131lan end\u00fcstriyel mutfak ekipmanlar\u0131 ise donan\u0131ml\u0131 \u0131zgara \u00e7e\u015fitleri, ocaklar, kazanla, f\u0131r\u0131n ve k\u0131zartma makineleridir.\",\"publisher\":{\"@id\":\"https:\/\/www.baksanmutfak.com\/#organization\"},\"potentialAction\":[{\"@type\":\"SearchAction\",\"target\":{\"@type\":\"EntryPoint\",\"urlTemplate\":\"https:\/\/www.baksanmutfak.com\/?s={search_term_string}\"},\"query-input\":\"required name=search_term_string\"}],\"inLanguage\":\"tr\"},{\"@type\":\"Organization\",\"@id\":\"https:\/\/www.baksanmutfak.com\/#organization\",\"name\":\"Baksan Mutfak Cihazlar\u0131\",\"url\":\"https:\/\/www.baksanmutfak.com\/\",\"logo\":{\"@type\":\"ImageObject\",\"inLanguage\":\"tr\",\"@id\":\"https:\/\/www.baksanmutfak.com\/#\/schema\/logo\/image\/\",\"url\":\"https:\/\/www.baksanmutfak.com\/wp-content\/uploads\/2024\/05\/logo-e1716126354756.jpg\",\"contentUrl\":\"https:\/\/www.baksanmutfak.com\/wp-content\/uploads\/2024\/05\/logo-e1716126354756.jpg\",\"width\":970,\"height\":321,\"caption\":\"Baksan Mutfak Cihazlar\u0131\"},\"image\":{\"@id\":\"https:\/\/www.baksanmutfak.com\/#\/schema\/logo\/image\/\"},\"sameAs\":[\"https:\/\/www.instagram.com\/baksanmutfak\/\"]}]}<\/script>\n<!-- \/ Yoast SEO plugin. -->","yoast_head_json":{"title":"Hakk\u0131m\u0131zda - Baksan Mutfak Cihazlar\u0131","robots":{"index":"index","follow":"follow","max-snippet":"max-snippet:-1","max-image-preview":"max-image-preview:large","max-video-preview":"max-video-preview:-1"},"canonical":"https:\/\/www.baksanmutfak.com\/index.php\/hakkimizda\/","og_locale":"tr_TR","og_type":"article","og_title":"Hakk\u0131m\u0131zda - Baksan Mutfak Cihazlar\u0131","og_description":"Ho\u015f geldiniz! BAKSAN, end\u00fcstriyel mutfak sekt\u00f6r\u00fcnde teknik destek ve proje bazl\u0131 hizmetler sunan \u00f6nc\u00fc bir markad\u0131r. Pi\u015firme a\u015famas\u0131nda kullan\u0131lan end\u00fcstriyel mutfak ekipmanlar\u0131 \u00fczerine uzmanla\u015fm\u0131\u015f olan firmam\u0131z, m\u00fc\u015fterilerine donan\u0131ml\u0131 \u0131zgara \u00e7e\u015fitleri, ocaklar, kazanlar, f\u0131r\u0131nlar ve k\u0131zartma makineleri gibi \u00e7e\u015fitli ekipmanlar konusunda kapsaml\u0131 teknik destek sa\u011flamaktad\u0131r. BAKSAN, sekt\u00f6rdeki deneyim ve uzmanl\u0131\u011f\u0131n\u0131, m\u00fc\u015fterilerinin ihtiya\u00e7lar\u0131na y\u00f6nelik \u00f6zel projeler geli\u015ftirmek [&hellip;]","og_url":"https:\/\/www.baksanmutfak.com\/index.php\/hakkimizda\/","og_site_name":"Baksan Mutfak Cihazlar\u0131","article_modified_time":"2024-05-19T14:06:22+00:00","twitter_card":"summary_large_image","twitter_misc":{"Tahmini okuma s\u00fcresi":"1 dakika"},"schema":{"@context":"https:\/\/schema.org","@graph":[{"@type":"WebPage","@id":"https:\/\/www.baksanmutfak.com\/index.php\/hakkimizda\/","url":"https:\/\/www.baksanmutfak.com\/index.php\/hakkimizda\/","name":"Hakk\u0131m\u0131zda - Baksan Mutfak Cihazlar\u0131","isPartOf":{"@id":"https:\/\/www.baksanmutfak.com\/#website"},"datePublished":"2024-05-19T13:14:25+00:00","dateModified":"2024-05-19T14:06:22+00:00","breadcrumb":{"@id":"https:\/\/www.baksanmutfak.com\/index.php\/hakkimizda\/#breadcrumb"},"inLanguage":"tr","potentialAction":[{"@type":"ReadAction","target":["https:\/\/www.baksanmutfak.com\/index.php\/hakkimizda\/"]}]},{"@type":"BreadcrumbList","@id":"https:\/\/www.baksanmutfak.com\/index.php\/hakkimizda\/#breadcrumb","itemListElement":[{"@type":"ListItem","position":1,"name":"Anasayfa","item":"https:\/\/www.baksanmutfak.com\/"},{"@type":"ListItem","position":2,"name":"Hakk\u0131m\u0131zda"}]},{"@type":"WebSite","@id":"https:\/\/www.baksanmutfak.com\/#website","url":"https:\/\/www.baksanmutfak.com\/","name":"Baksan Mutfak Cihazlar\u0131","description":"Pi\u015firme a\u015famas\u0131nda kullan\u0131lan end\u00fcstriyel mutfak ekipmanlar\u0131 ise donan\u0131ml\u0131 \u0131zgara \u00e7e\u015fitleri, ocaklar, kazanla, f\u0131r\u0131n ve k\u0131zartma makineleridir.","publisher":{"@id":"https:\/\/www.baksanmutfak.com\/#organization"},"potentialAction":[{"@type":"SearchAction","target":{"@type":"EntryPoint","urlTemplate":"https:\/\/www.baksanmutfak.com\/?s={search_term_string}"},"query-input":"required name=search_term_string"}],"inLanguage":"tr"},{"@type":"Organization","@id":"https:\/\/www.baksanmutfak.com\/#organization","name":"Baksan Mutfak Cihazlar\u0131","url":"https:\/\/www.baksanmutfak.com\/","logo":{"@type":"ImageObject","inLanguage":"tr","@id":"https:\/\/www.baksanmutfak.com\/#\/schema\/logo\/image\/","url":"https:\/\/www.baksanmutfak.com\/wp-content\/uploads\/2024\/05\/logo-e1716126354756.jpg","contentUrl":"https:\/\/www.baksanmutfak.com\/wp-content\/uploads\/2024\/05\/logo-e1716126354756.jpg","width":970,"height":321,"caption":"Baksan Mutfak Cihazlar\u0131"},"image":{"@id":"https:\/\/www.baksanmutfak.com\/#\/schema\/logo\/image\/"},"sameAs":["https:\/\/www.instagram.com\/baksanmutfak\/"]}]}},"_links":{"self":[{"href":"https:\/\/www.baksanmutfak.com\/index.php\/wp-json\/wp\/v2\/pages\/2","targetHints":{"allow":["GET"]}}],"collection":[{"href":"https:\/\/www.baksanmutfak.com\/index.php\/wp-json\/wp\/v2\/pages"}],"about":[{"href":"https:\/\/www.baksanmutfak.com\/index.php\/wp-json\/wp\/v2\/types\/page"}],"author":[{"embeddable":true,"href":"https:\/\/www.baksanmutfak.com\/index.php\/wp-json\/wp\/v2\/users\/1"}],"replies":[{"embeddable":true,"href":"https:\/\/www.baksanmutfak.com\/index.php\/wp-json\/wp\/v2\/comments?post=2"}],"version-history":[{"count":3,"href":"https:\/\/www.baksanmutfak.com\/index.php\/wp-json\/wp\/v2\/pages\/2\/revisions"}],"predecessor-version":[{"id":35,"href":"https:\/\/www.baksanmutfak.com\/index.php\/wp-json\/wp\/v2\/pages\/2\/revisions\/35"}],"wp:attachment":[{"href":"https:\/\/www.baksanmutfak.com\/index.php\/wp-json\/wp\/v2\/media?parent=2"}],"curies":[{"name":"wp","href":"https:\/\/api.w.org\/{rel}","templated":true}]}}