{"id":29,"date":"2024-05-19T17:00:39","date_gmt":"2024-05-19T14:00:39","guid":{"rendered":"https:\/\/www.baksanmutfak.com\/?page_id=29"},"modified":"2024-09-21T17:02:52","modified_gmt":"2024-09-21T14:02:52","slug":"teknik-servis","status":"publish","type":"page","link":"https:\/\/www.baksanmutfak.com\/index.php\/teknik-servis\/","title":{"rendered":"Teknik Servis"},"content":{"rendered":"\n<p>Servis hizmetleri alan\u0131ndaki k\u00f6kl\u00fc tecr\u00fcbesi, sahip oldu\u011fu kurumsal yap\u0131s\u0131 ve i\u015f politikalar\u0131yla sekt\u00f6r\u00fcn\u00fcn \u00f6nde gelen \u00e7\u00f6z\u00fcm sa\u011flay\u0131c\u0131lar\u0131ndan olan Baksan Mutfak; TSE onayl\u0131, memnuniyet ve g\u00fcven odakl\u0131 bir teknik servis olarak faaliyetlerini s\u00fcrd\u00fcrmektedir.<\/p>\n","protected":false},"excerpt":{"rendered":"<p>Servis hizmetleri alan\u0131ndaki k\u00f6kl\u00fc tecr\u00fcbesi, sahip oldu\u011fu kurumsal yap\u0131s\u0131 ve i\u015f politikalar\u0131yla sekt\u00f6r\u00fcn\u00fcn \u00f6nde gelen \u00e7\u00f6z\u00fcm sa\u011flay\u0131c\u0131lar\u0131ndan olan Baksan Mutfak; TSE onayl\u0131, memnuniyet ve g\u00fcven odakl\u0131 bir teknik servis olarak faaliyetlerini s\u00fcrd\u00fcrmektedir.<\/p>\n","protected":false},"author":1,"featured_media":0,"parent":0,"menu_order":0,"comment_status":"closed","ping_status":"closed","template":"","meta":{"_acf_changed":false,"footnotes":""},"class_list":["post-29","page","type-page","status-publish","hentry"],"acf":[],"yoast_head":"<!-- This site is optimized with the Yoast SEO plugin v22.7 - https:\/\/yoast.com\/wordpress\/plugins\/seo\/ -->\n<title>Teknik Servis - Baksan Mutfak Cihazlar\u0131<\/title>\n<meta name=\"robots\" content=\"index, follow, max-snippet:-1, max-image-preview:large, max-video-preview:-1\" \/>\n<link rel=\"canonical\" href=\"https:\/\/www.baksanmutfak.com\/index.php\/teknik-servis\/\" \/>\n<meta property=\"og:locale\" content=\"tr_TR\" \/>\n<meta property=\"og:type\" content=\"article\" \/>\n<meta property=\"og:title\" content=\"Teknik Servis - Baksan Mutfak Cihazlar\u0131\" \/>\n<meta property=\"og:description\" content=\"Servis hizmetleri alan\u0131ndaki k\u00f6kl\u00fc tecr\u00fcbesi, sahip oldu\u011fu kurumsal yap\u0131s\u0131 ve i\u015f politikalar\u0131yla sekt\u00f6r\u00fcn\u00fcn \u00f6nde gelen \u00e7\u00f6z\u00fcm sa\u011flay\u0131c\u0131lar\u0131ndan olan Baksan Mutfak; TSE onayl\u0131, memnuniyet ve g\u00fcven odakl\u0131 bir teknik servis olarak faaliyetlerini s\u00fcrd\u00fcrmektedir.\" \/>\n<meta property=\"og:url\" content=\"https:\/\/www.baksanmutfak.com\/index.php\/teknik-servis\/\" \/>\n<meta property=\"og:site_name\" content=\"Baksan Mutfak Cihazlar\u0131\" \/>\n<meta property=\"article:modified_time\" content=\"2024-09-21T14:02:52+00:00\" \/>\n<meta name=\"twitter:card\" content=\"summary_large_image\" \/>\n<meta name=\"twitter:label1\" content=\"Tahmini okuma s\u00fcresi\" \/>\n\t<meta name=\"twitter:data1\" content=\"1 dakika\" \/>\n<script type=\"application\/ld+json\" class=\"yoast-schema-graph\">{\"@context\":\"https:\/\/schema.org\",\"@graph\":[{\"@type\":\"WebPage\",\"@id\":\"https:\/\/www.baksanmutfak.com\/index.php\/teknik-servis\/\",\"url\":\"https:\/\/www.baksanmutfak.com\/index.php\/teknik-servis\/\",\"name\":\"Teknik Servis - Baksan Mutfak Cihazlar\u0131\",\"isPartOf\":{\"@id\":\"https:\/\/www.baksanmutfak.com\/#website\"},\"datePublished\":\"2024-05-19T14:00:39+00:00\",\"dateModified\":\"2024-09-21T14:02:52+00:00\",\"breadcrumb\":{\"@id\":\"https:\/\/www.baksanmutfak.com\/index.php\/teknik-servis\/#breadcrumb\"},\"inLanguage\":\"tr\",\"potentialAction\":[{\"@type\":\"ReadAction\",\"target\":[\"https:\/\/www.baksanmutfak.com\/index.php\/teknik-servis\/\"]}]},{\"@type\":\"BreadcrumbList\",\"@id\":\"https:\/\/www.baksanmutfak.com\/index.php\/teknik-servis\/#breadcrumb\",\"itemListElement\":[{\"@type\":\"ListItem\",\"position\":1,\"name\":\"Anasayfa\",\"item\":\"https:\/\/www.baksanmutfak.com\/\"},{\"@type\":\"ListItem\",\"position\":2,\"name\":\"Teknik Servis\"}]},{\"@type\":\"WebSite\",\"@id\":\"https:\/\/www.baksanmutfak.com\/#website\",\"url\":\"https:\/\/www.baksanmutfak.com\/\",\"name\":\"Baksan Mutfak Cihazlar\u0131\",\"description\":\"Pi\u015firme a\u015famas\u0131nda kullan\u0131lan end\u00fcstriyel mutfak ekipmanlar\u0131 ise donan\u0131ml\u0131 \u0131zgara \u00e7e\u015fitleri, ocaklar, kazanla, f\u0131r\u0131n ve k\u0131zartma makineleridir.\",\"publisher\":{\"@id\":\"https:\/\/www.baksanmutfak.com\/#organization\"},\"potentialAction\":[{\"@type\":\"SearchAction\",\"target\":{\"@type\":\"EntryPoint\",\"urlTemplate\":\"https:\/\/www.baksanmutfak.com\/?s={search_term_string}\"},\"query-input\":\"required name=search_term_string\"}],\"inLanguage\":\"tr\"},{\"@type\":\"Organization\",\"@id\":\"https:\/\/www.baksanmutfak.com\/#organization\",\"name\":\"Baksan Mutfak Cihazlar\u0131\",\"url\":\"https:\/\/www.baksanmutfak.com\/\",\"logo\":{\"@type\":\"ImageObject\",\"inLanguage\":\"tr\",\"@id\":\"https:\/\/www.baksanmutfak.com\/#\/schema\/logo\/image\/\",\"url\":\"https:\/\/www.baksanmutfak.com\/wp-content\/uploads\/2024\/05\/logo-e1716126354756.jpg\",\"contentUrl\":\"https:\/\/www.baksanmutfak.com\/wp-content\/uploads\/2024\/05\/logo-e1716126354756.jpg\",\"width\":970,\"height\":321,\"caption\":\"Baksan Mutfak Cihazlar\u0131\"},\"image\":{\"@id\":\"https:\/\/www.baksanmutfak.com\/#\/schema\/logo\/image\/\"},\"sameAs\":[\"https:\/\/www.instagram.com\/baksanmutfak\/\"]}]}<\/script>\n<!-- \/ Yoast SEO plugin. -->","yoast_head_json":{"title":"Teknik Servis - Baksan Mutfak Cihazlar\u0131","robots":{"index":"index","follow":"follow","max-snippet":"max-snippet:-1","max-image-preview":"max-image-preview:large","max-video-preview":"max-video-preview:-1"},"canonical":"https:\/\/www.baksanmutfak.com\/index.php\/teknik-servis\/","og_locale":"tr_TR","og_type":"article","og_title":"Teknik Servis - Baksan Mutfak Cihazlar\u0131","og_description":"Servis hizmetleri alan\u0131ndaki k\u00f6kl\u00fc tecr\u00fcbesi, sahip oldu\u011fu kurumsal yap\u0131s\u0131 ve i\u015f politikalar\u0131yla sekt\u00f6r\u00fcn\u00fcn \u00f6nde gelen \u00e7\u00f6z\u00fcm sa\u011flay\u0131c\u0131lar\u0131ndan olan Baksan Mutfak; TSE onayl\u0131, memnuniyet ve g\u00fcven odakl\u0131 bir teknik servis olarak faaliyetlerini s\u00fcrd\u00fcrmektedir.","og_url":"https:\/\/www.baksanmutfak.com\/index.php\/teknik-servis\/","og_site_name":"Baksan Mutfak Cihazlar\u0131","article_modified_time":"2024-09-21T14:02:52+00:00","twitter_card":"summary_large_image","twitter_misc":{"Tahmini okuma s\u00fcresi":"1 dakika"},"schema":{"@context":"https:\/\/schema.org","@graph":[{"@type":"WebPage","@id":"https:\/\/www.baksanmutfak.com\/index.php\/teknik-servis\/","url":"https:\/\/www.baksanmutfak.com\/index.php\/teknik-servis\/","name":"Teknik Servis - Baksan Mutfak Cihazlar\u0131","isPartOf":{"@id":"https:\/\/www.baksanmutfak.com\/#website"},"datePublished":"2024-05-19T14:00:39+00:00","dateModified":"2024-09-21T14:02:52+00:00","breadcrumb":{"@id":"https:\/\/www.baksanmutfak.com\/index.php\/teknik-servis\/#breadcrumb"},"inLanguage":"tr","potentialAction":[{"@type":"ReadAction","target":["https:\/\/www.baksanmutfak.com\/index.php\/teknik-servis\/"]}]},{"@type":"BreadcrumbList","@id":"https:\/\/www.baksanmutfak.com\/index.php\/teknik-servis\/#breadcrumb","itemListElement":[{"@type":"ListItem","position":1,"name":"Anasayfa","item":"https:\/\/www.baksanmutfak.com\/"},{"@type":"ListItem","position":2,"name":"Teknik Servis"}]},{"@type":"WebSite","@id":"https:\/\/www.baksanmutfak.com\/#website","url":"https:\/\/www.baksanmutfak.com\/","name":"Baksan Mutfak Cihazlar\u0131","description":"Pi\u015firme a\u015famas\u0131nda kullan\u0131lan end\u00fcstriyel mutfak ekipmanlar\u0131 ise donan\u0131ml\u0131 \u0131zgara \u00e7e\u015fitleri, ocaklar, kazanla, f\u0131r\u0131n ve k\u0131zartma makineleridir.","publisher":{"@id":"https:\/\/www.baksanmutfak.com\/#organization"},"potentialAction":[{"@type":"SearchAction","target":{"@type":"EntryPoint","urlTemplate":"https:\/\/www.baksanmutfak.com\/?s={search_term_string}"},"query-input":"required name=search_term_string"}],"inLanguage":"tr"},{"@type":"Organization","@id":"https:\/\/www.baksanmutfak.com\/#organization","name":"Baksan Mutfak Cihazlar\u0131","url":"https:\/\/www.baksanmutfak.com\/","logo":{"@type":"ImageObject","inLanguage":"tr","@id":"https:\/\/www.baksanmutfak.com\/#\/schema\/logo\/image\/","url":"https:\/\/www.baksanmutfak.com\/wp-content\/uploads\/2024\/05\/logo-e1716126354756.jpg","contentUrl":"https:\/\/www.baksanmutfak.com\/wp-content\/uploads\/2024\/05\/logo-e1716126354756.jpg","width":970,"height":321,"caption":"Baksan Mutfak Cihazlar\u0131"},"image":{"@id":"https:\/\/www.baksanmutfak.com\/#\/schema\/logo\/image\/"},"sameAs":["https:\/\/www.instagram.com\/baksanmutfak\/"]}]}},"_links":{"self":[{"href":"https:\/\/www.baksanmutfak.com\/index.php\/wp-json\/wp\/v2\/pages\/29","targetHints":{"allow":["GET"]}}],"collection":[{"href":"https:\/\/www.baksanmutfak.com\/index.php\/wp-json\/wp\/v2\/pages"}],"about":[{"href":"https:\/\/www.baksanmutfak.com\/index.php\/wp-json\/wp\/v2\/types\/page"}],"author":[{"embeddable":true,"href":"https:\/\/www.baksanmutfak.com\/index.php\/wp-json\/wp\/v2\/users\/1"}],"replies":[{"embeddable":true,"href":"https:\/\/www.baksanmutfak.com\/index.php\/wp-json\/wp\/v2\/comments?post=29"}],"version-history":[{"count":3,"href":"https:\/\/www.baksanmutfak.com\/index.php\/wp-json\/wp\/v2\/pages\/29\/revisions"}],"predecessor-version":[{"id":56,"href":"https:\/\/www.baksanmutfak.com\/index.php\/wp-json\/wp\/v2\/pages\/29\/revisions\/56"}],"wp:attachment":[{"href":"https:\/\/www.baksanmutfak.com\/index.php\/wp-json\/wp\/v2\/media?parent=29"}],"curies":[{"name":"wp","href":"https:\/\/api.w.org\/{rel}","templated":true}]}}